{"id":18,"date":"2023-03-19T13:00:01","date_gmt":"2023-03-19T13:00:01","guid":{"rendered":"http:\/\/praxis-hammer.com\/?page_id=18"},"modified":"2023-03-19T13:00:01","modified_gmt":"2023-03-19T13:00:01","slug":"impressum","status":"publish","type":"page","link":"http:\/\/praxis-hammer.com\/?page_id=18","title":{"rendered":"Impressum"},"content":{"rendered":"<p>Thomas Hammer<br \/>\nAignerstr. 25<br \/>\n81541 M\u00fcnchen<br \/>\nE-Mail: <a>info-at-praxis-hammer.com<\/a><br \/>\nTel: 089 \/ 21961032<\/p>\n<p><strong>Datenschutzerkl\u00e4rung<\/strong><\/p>\n<p>Datenverarbeitung:<\/p>\n<p>Es findet keine \u00fcber das in dieser Erkl\u00e4rung dargestellte Ma\u00df hinausgehende Speicherung und Verarbeitung personenbezogener Nutzungsdaten statt.<\/p>\n<p>Erhebung von Nutzungsdaten\/Nutzungsanalyse:<\/p>\n<p>Beim Zugriff auf unser Internetangebot erfassen wir folgende Daten in einer Protokolldatei:<\/p>\n<ul>\n<li>IP-Adresse in anonymisierter (verk\u00fcrzter) Form<\/li>\n<li>&nbsp;Zeitpunkt des Zugriffs<\/li>\n<li>aufgerufene Seite bzw. Name der abgerufenen Datei (URL)<\/li>\n<li>Status-Informationen (z.B. Fehlercodes)<\/li>\n<li>\u00fcbertragene Datenmenge<\/li>\n<li>Browser-Informationen (genutzer Web-Browser, Betriebssystem, Spracheinstellung etc.)<\/li>\n<\/ul>\n<p>Die Daten werden ausschlie\u00dflich f\u00fcr statistische Zwecke genutzt. Eine Weitergabe an Dritte erfolgt nicht. Dieses Internetangebot verwendet keine Techniken, die darauf abzielen, das Zugriffsverhalten einzelner Nutzer auszuwerten. Personenbezogene Nutzungsprofile werden nicht erstellt.<\/p>\n<p>Links zu anderen Webseiten:<\/p>\n<p>Unser Internet-Angebot enth\u00e4lt ggf. Verweise zu Inhalten anderer Anbieter. Diese sind durch die Angabe expliziter Links (z.B. www.internetseite.de), anhand entsprechender Hinweise im Text oder die Kennzeichnung mit dem Symbol&nbsp;&nbsp; erkennbar. Au\u00dferdem werden externe Verweise in einem eigenen Browserfenster ge\u00f6ffnet. Die Nutzung dieser fremden Inhalte unterliegt gegebenenfalls anderen Vorgaben als den hier dargestellten.<\/p>\n<p>Cookies:<\/p>\n<p>In bestimmten F\u00e4llen werden so genannte tempor\u00e4re Cookies verwendet. Diese enthalten keine personenbezogenen Daten und werden nach Ablauf der Sitzung mit dem Schlie\u00dfen Ihres Web-Browsers automatisch gel\u00f6scht.<\/p>\n<p>Im Fall einer Verlinkung k\u00f6nnen Cookies von Drittanbietern zum Einsatz kommen, ohne dass wir Sie ausdr\u00fccklich darauf hinweisen k\u00f6nnen. Die g\u00e4ngigen Browser erlauben es, die Verarbeitung solcher Cookies festzulegen, so dass Sie das Speichern dieser Cookies deaktivieren bzw. die Art der Verarbeitung durch Ihren Browser einstellen k\u00f6nnen.<\/p>\n<p>Erhebung personenbezogener Daten in Online-Formularen:<\/p>\n<p>Soweit wir Sie im Rahmen dieses Angebots um die Angabe personenbezogener Daten bitten (z.B. Name, Anschrift oder E-Mail-Adresse), sagen wir Ihnen im jeweiligen Online-Formular, f\u00fcr welchen Zweck wir diese erheben und wie wir sie verarbeiten. Es unterliegt Ihrer freien Entscheidung, ob Sie diese Daten angeben.<\/p>\n<p>Auskunftsrechte:<\/p>\n<p>Auskunftsrechte k\u00f6nnen schriftlich oder per E-Mail gegen\u00fcber den im Impressum genannten Stellen geltend gemacht werden. Dies gilt auch f\u00fcr Widerspr\u00fcche zu einer erteilten Einwilligungserkl\u00e4rung.<\/p>\n<p>Verschl\u00fcsselung:<\/p>\n<p>Dieses Angebot unterst\u00fctzt gegenw\u00e4rtig keine Datenverschl\u00fcsselung. Bei der \u00dcbertragung Ihrer Daten im Internet besteht daher die M\u00f6glichkeit, da\u00df diese durch Unbefugte zur Kenntnis genommen oder ver\u00e4ndert werden k\u00f6nnen.<\/p>\n","protected":false},"excerpt":{"rendered":"<p>Thomas Hammer Aignerstr. 25 81541 M\u00fcnchen E-Mail: info-at-praxis-hammer.com Tel: 089 \/ 21961032 Datenschutzerkl\u00e4rung Datenverarbeitung: Es findet keine \u00fcber das in dieser Erkl\u00e4rung dargestellte Ma\u00df hinausgehende Speicherung und Verarbeitung personenbezogener Nutzungsdaten statt. Erhebung von Nutzungsdaten\/Nutzungsanalyse: Beim Zugriff auf unser Internetangebot erfassen wir folgende Daten in einer Protokolldatei: IP-Adresse in anonymisierter (verk\u00fcrzter) Form &nbsp;Zeitpunkt des Zugriffs aufgerufene &hellip; <\/p>\n<p class=\"link-more\"><a href=\"http:\/\/praxis-hammer.com\/?page_id=18\" class=\"more-link\"><span class=\"screen-reader-text\">&#8222;Impressum&#8220;<\/span> weiterlesen<\/a><\/p>\n","protected":false},"author":1,"featured_media":0,"parent":0,"menu_order":0,"comment_status":"closed","ping_status":"closed","template":"","meta":[],"_links":{"self":[{"href":"http:\/\/praxis-hammer.com\/index.php?rest_route=\/wp\/v2\/pages\/18"}],"collection":[{"href":"http:\/\/praxis-hammer.com\/index.php?rest_route=\/wp\/v2\/pages"}],"about":[{"href":"http:\/\/praxis-hammer.com\/index.php?rest_route=\/wp\/v2\/types\/page"}],"author":[{"embeddable":true,"href":"http:\/\/praxis-hammer.com\/index.php?rest_route=\/wp\/v2\/users\/1"}],"replies":[{"embeddable":true,"href":"http:\/\/praxis-hammer.com\/index.php?rest_route=%2Fwp%2Fv2%2Fcomments&post=18"}],"version-history":[{"count":5,"href":"http:\/\/praxis-hammer.com\/index.php?rest_route=\/wp\/v2\/pages\/18\/revisions"}],"predecessor-version":[{"id":55,"href":"http:\/\/praxis-hammer.com\/index.php?rest_route=\/wp\/v2\/pages\/18\/revisions\/55"}],"wp:attachment":[{"href":"http:\/\/praxis-hammer.com\/index.php?rest_route=%2Fwp%2Fv2%2Fmedia&parent=18"}],"curies":[{"name":"wp","href":"https:\/\/api.w.org\/{rel}","templated":true}]}}